{"id":838,"date":"2021-08-16T21:09:47","date_gmt":"2021-08-16T21:09:47","guid":{"rendered":"https:\/\/wamanwasi.com\/?page_id=838"},"modified":"2024-06-18T17:07:17","modified_gmt":"2024-06-18T17:07:17","slug":"colabora","status":"publish","type":"page","link":"https:\/\/wamanwasi.com\/pagina-principal\/colabora\/","title":{"rendered":"DONACIONES"},"content":{"rendered":"\n<div class=\"wp-block-cover alignfull wp-duotone-unset-1\" style=\"margin-top:0;padding-top:48px;padding-right:48px;padding-bottom:48px;padding-left:48px;min-height:66vh;aspect-ratio:unset;\"><span aria-hidden=\"true\" class=\"wp-block-cover__background has-background-dim-30 has-background-dim\" style=\"background-color:#855a4b\"><\/span><img data-recalc-dims=\"1\" loading=\"lazy\" decoding=\"async\" width=\"1200\" height=\"900\" class=\"wp-block-cover__image-background wp-image-311\" alt=\"\" src=\"https:\/\/i0.wp.com\/wamanwasi.com\/wp-content\/uploads\/2021\/01\/75388434_3028488833833856_2353653197878329344_o-1.jpg?resize=1200%2C900&#038;ssl=1\" data-object-fit=\"cover\" srcset=\"https:\/\/i0.wp.com\/wamanwasi.com\/wp-content\/uploads\/2021\/01\/75388434_3028488833833856_2353653197878329344_o-1.jpg?w=1728&amp;ssl=1 1728w, https:\/\/i0.wp.com\/wamanwasi.com\/wp-content\/uploads\/2021\/01\/75388434_3028488833833856_2353653197878329344_o-1.jpg?resize=300%2C225&amp;ssl=1 300w, https:\/\/i0.wp.com\/wamanwasi.com\/wp-content\/uploads\/2021\/01\/75388434_3028488833833856_2353653197878329344_o-1.jpg?resize=1024%2C768&amp;ssl=1 1024w, https:\/\/i0.wp.com\/wamanwasi.com\/wp-content\/uploads\/2021\/01\/75388434_3028488833833856_2353653197878329344_o-1.jpg?resize=768%2C576&amp;ssl=1 768w, https:\/\/i0.wp.com\/wamanwasi.com\/wp-content\/uploads\/2021\/01\/75388434_3028488833833856_2353653197878329344_o-1.jpg?resize=1536%2C1152&amp;ssl=1 1536w\" sizes=\"auto, (max-width: 1200px) 100vw, 1200px\" \/><div class=\"wp-block-cover__inner-container is-layout-flow wp-block-cover-is-layout-flow\">\n<p class=\"has-text-align-center has-large-font-size\"><\/p>\n<\/div><\/div>\n\n\n\n<h2 class=\"wp-block-heading has-text-align-center\">DONA Y SE PARTE DEL CAMBIO<\/h2>\n\n\n\n<p class=\"has-text-align-center\"><strong>EL PUNTO DE PARTIDA<\/strong><\/p>\n\n\n\n<p><strong>Los Kechua Lamas han vivido en armon\u00eda con la naturaleza durante miles de a\u00f1os. Luego vino la extracci\u00f3n de petr\u00f3leo, la deforestaci\u00f3n a gran escala (con deterioro de la fertilidad del suelo y el equilibrio h\u00eddrico) y el cultivo de coca. Cuanto m\u00e1s se convirti\u00f3 la regi\u00f3n en parte del mercado mundial, m\u00e1s se perdi\u00f3 el antiguo conocimiento cultural y las habilidades asociadas con \u00e9l, as\u00ed como la identidad de la gente de esta regi\u00f3n. Esto condujo a una creciente dependencia de las personas de los factores internacionales y empuj\u00f3 a las generaciones mayores a los m\u00e1rgenes sociales, ya que su papel como mediadores del conocimiento antiguo se volvi\u00f3 gradualmente superfluo. Contrarrestamos este desarrollo con nuestro compromiso.<\/strong><\/p>\n\n\n\n<p class=\"has-text-align-center\"><strong>EL PROYECTO<\/strong><\/p>\n\n\n\n<p><strong>HelpAge apoya la implementaci\u00f3n de un proyecto intercultural e intergeneracional en cooperaci\u00f3n con el Ministerio Federal de Cooperaci\u00f3n Econ\u00f3mica y Desarrollo (BMZ para abreviar). El objetivo de este proyecto es promover la biodiversidad y la protecci\u00f3n del medio ambiente en la regi\u00f3n con la ayuda del conocimiento tradicional. Para ello, j\u00f3venes y mayores trabajan juntos, intercambian ideas de forma intensiva y combinan la educaci\u00f3n formal con ejercicios pr\u00e1cticos. Los mayores transmiten los conocimientos antiguos a los m\u00e1s j\u00f3venes. Estas \u00ablecciones\u00bb tienen lugar en un lugar muy especial: en la \u00abescuela de la vida\u00bb. Trabajamos in situ con la organizaci\u00f3n local Waman Wasi, socio del proyecto HelpAge desde el principio.<\/strong><\/p>\n\n\n\n<p class=\"has-text-align-center\"><strong>EL RESULTADO<\/strong><\/p>\n\n\n\n<p><strong>Con la \u00abEscuela de la Vida\u00bb los conocimientos tradicionales se transmiten de mayores a j\u00f3venes para que no se pierdan a pesar de la progresiva integraci\u00f3n en el mercado mundial. Al mismo tiempo, el proyecto fortalece el papel de los ancianos como asesores, curanderos y maestros. Unos 300 ancianos, alrededor de 1300 ni\u00f1os y j\u00f3venes, as\u00ed como hasta 120 maestros y algunos otros miembros de la comunidad est\u00e1n involucrados en los proyectos escolares. Los contenidos incluyen, por ejemplo, reuniones, talleres y trabajos de campo en los que se catalogan cultivos de la zona, se procesan en platos y remedios herbales y se dan a conocer a trav\u00e9s de publicaciones, videos y una transmisi\u00f3n de radio peri\u00f3dica con la ayuda del socio del proyecto.<\/strong><\/p>\n\n\n\n<p class=\"has-text-align-center\"><strong>LO QUE TRAERA TU APOYO<\/strong><\/p>\n\n\n\n<p><strong>Al apoyar este proyecto, est\u00e1 ayudando a revivir la biodiversidad de la regi\u00f3n, romper la ense\u00f1anza \u00abmonocultural\u00bb y reintegrar a los \u00abviejos sabios\u00bb de los lamas en la vida comunitaria cotidiana.<\/strong><\/p>\n\n\n\n<p><span style=\"color: #000000; font-family: Century Gothic, sans-serif;\"><b>Puedes realizar una donaci\u00f3n puntal o donaciones periodicas con Paypal, con tarjeta o mediante transferencia convencional a nuestra cuenta BBVA.<\/b><\/span><\/p>\n\n\n\n<p class=\"has-text-align-left\"><strong style=\"font-size: 1rem;\">&nbsp;Titular: Waman Wasi<\/strong><\/p>\n\n\n\n<p><strong>&nbsp;N\u00famero de Cuenta BBVA: 0011 0310 0200421383 07<\/strong><\/p>\n\n\n\n<p><strong>&nbsp;C\u00f3digo de cuenta interbancario &#8211; CCI: 011 310 000200421383 07&nbsp;<\/strong><\/p>\n\n\n\n<p><strong>Una vez realizada la transferencia, por favor, env\u00edenos sus datos personales y el comprobante que le otorgara el banco a wamanwasi@gmail.com<\/strong><\/p>\n","protected":false},"excerpt":{"rendered":"<p>DONA Y SE PARTE DEL CAMBIO EL PUNTO DE PARTIDA Los Kechua Lamas han vivido en armon\u00eda con la naturaleza durante miles de a\u00f1os. Luego vino la extracci\u00f3n de petr\u00f3leo, la deforestaci\u00f3n a gran escala (con deterioro de la fertilidad del suelo y el equilibrio h\u00eddrico) y el cultivo de coca. Cuanto m\u00e1s se convirti\u00f3 [&hellip;]<\/p>\n","protected":false},"author":1,"featured_media":0,"parent":0,"menu_order":0,"comment_status":"closed","ping_status":"closed","template":"","meta":{"ocean_post_layout":"","ocean_both_sidebars_style":"","ocean_both_sidebars_content_width":0,"ocean_both_sidebars_sidebars_width":0,"ocean_sidebar":"","ocean_second_sidebar":"","ocean_disable_margins":"enable","ocean_add_body_class":"","ocean_shortcode_before_top_bar":"","ocean_shortcode_after_top_bar":"","ocean_shortcode_before_header":"","ocean_shortcode_after_header":"","ocean_has_shortcode":"","ocean_shortcode_after_title":"","ocean_shortcode_before_footer_widgets":"","ocean_shortcode_after_footer_widgets":"","ocean_shortcode_before_footer_bottom":"","ocean_shortcode_after_footer_bottom":"","ocean_display_top_bar":"default","ocean_display_header":"default","ocean_header_style":"","ocean_center_header_left_menu":"","ocean_custom_header_template":"","ocean_custom_logo":0,"ocean_custom_retina_logo":0,"ocean_custom_logo_max_width":0,"ocean_custom_logo_tablet_max_width":0,"ocean_custom_logo_mobile_max_width":0,"ocean_custom_logo_max_height":0,"ocean_custom_logo_tablet_max_height":0,"ocean_custom_logo_mobile_max_height":0,"ocean_header_custom_menu":"","ocean_menu_typo_font_family":"","ocean_menu_typo_font_subset":"","ocean_menu_typo_font_size":0,"ocean_menu_typo_font_size_tablet":0,"ocean_menu_typo_font_size_mobile":0,"ocean_menu_typo_font_size_unit":"px","ocean_menu_typo_font_weight":"","ocean_menu_typo_font_weight_tablet":"","ocean_menu_typo_font_weight_mobile":"","ocean_menu_typo_transform":"","ocean_menu_typo_transform_tablet":"","ocean_menu_typo_transform_mobile":"","ocean_menu_typo_line_height":0,"ocean_menu_typo_line_height_tablet":0,"ocean_menu_typo_line_height_mobile":0,"ocean_menu_typo_line_height_unit":"","ocean_menu_typo_spacing":0,"ocean_menu_typo_spacing_tablet":0,"ocean_menu_typo_spacing_mobile":0,"ocean_menu_typo_spacing_unit":"","ocean_menu_link_color":"","ocean_menu_link_color_hover":"","ocean_menu_link_color_active":"","ocean_menu_link_background":"","ocean_menu_link_hover_background":"","ocean_menu_link_active_background":"","ocean_menu_social_links_bg":"","ocean_menu_social_hover_links_bg":"","ocean_menu_social_links_color":"","ocean_menu_social_hover_links_color":"","ocean_disable_title":"default","ocean_disable_heading":"default","ocean_post_title":"","ocean_post_subheading":"","ocean_post_title_style":"","ocean_post_title_background_color":"","ocean_post_title_background":0,"ocean_post_title_bg_image_position":"","ocean_post_title_bg_image_attachment":"","ocean_post_title_bg_image_repeat":"","ocean_post_title_bg_image_size":"","ocean_post_title_height":0,"ocean_post_title_bg_overlay":0.5,"ocean_post_title_bg_overlay_color":"","ocean_disable_breadcrumbs":"default","ocean_breadcrumbs_color":"","ocean_breadcrumbs_separator_color":"","ocean_breadcrumbs_links_color":"","ocean_breadcrumbs_links_hover_color":"","ocean_display_footer_widgets":"default","ocean_display_footer_bottom":"default","ocean_custom_footer_template":"","footnotes":""},"class_list":["post-838","page","type-page","status-publish","hentry","entry"],"jetpack_sharing_enabled":true,"_links":{"self":[{"href":"https:\/\/wamanwasi.com\/pagina-principal\/wp-json\/wp\/v2\/pages\/838","targetHints":{"allow":["GET"]}}],"collection":[{"href":"https:\/\/wamanwasi.com\/pagina-principal\/wp-json\/wp\/v2\/pages"}],"about":[{"href":"https:\/\/wamanwasi.com\/pagina-principal\/wp-json\/wp\/v2\/types\/page"}],"author":[{"embeddable":true,"href":"https:\/\/wamanwasi.com\/pagina-principal\/wp-json\/wp\/v2\/users\/1"}],"replies":[{"embeddable":true,"href":"https:\/\/wamanwasi.com\/pagina-principal\/wp-json\/wp\/v2\/comments?post=838"}],"version-history":[{"count":61,"href":"https:\/\/wamanwasi.com\/pagina-principal\/wp-json\/wp\/v2\/pages\/838\/revisions"}],"predecessor-version":[{"id":1107,"href":"https:\/\/wamanwasi.com\/pagina-principal\/wp-json\/wp\/v2\/pages\/838\/revisions\/1107"}],"wp:attachment":[{"href":"https:\/\/wamanwasi.com\/pagina-principal\/wp-json\/wp\/v2\/media?parent=838"}],"curies":[{"name":"wp","href":"https:\/\/api.w.org\/{rel}","templated":true}]}}